{"id":4825,"date":"2024-07-22T09:18:50","date_gmt":"2024-07-22T07:18:50","guid":{"rendered":"http:\/\/illasjuli.com\/productes\/"},"modified":"2026-04-01T13:18:03","modified_gmt":"2026-04-01T11:18:03","slug":"productes","status":"publish","type":"page","link":"https:\/\/illasjuli.com\/ca\/productes\/","title":{"rendered":"PRODUCTES"},"content":{"rendered":"\t\t<div data-elementor-type=\"wp-page\" data-elementor-id=\"4825\" class=\"elementor elementor-4825 elementor-4491\" data-elementor-post-type=\"page\">\n\t\t\t\t<div class=\"elementor-element elementor-element-bb37364 e-flex e-con-boxed e-con e-parent\" data-id=\"bb37364\" data-element_type=\"container\" data-e-type=\"container\" data-settings=\"{&quot;background_background&quot;:&quot;classic&quot;}\">\n\t\t\t\t\t<div class=\"e-con-inner\">\n\t\t\t\t<div class=\"elementor-element elementor-element-867d9cf elementor-widget elementor-widget-heading\" data-id=\"867d9cf\" data-element_type=\"widget\" data-e-type=\"widget\" data-widget_type=\"heading.default\">\n\t\t\t\t<div class=\"elementor-widget-container\">\n\t\t\t\t\t<h1 class=\"elementor-heading-title elementor-size-default\">PRODUCTES PER MARQUES<\/h1>\t\t\t\t<\/div>\n\t\t\t\t<\/div>\n\t\t<div class=\"elementor-element elementor-element-4ac4806 e-con-full e-flex e-con e-child\" data-id=\"4ac4806\" data-element_type=\"container\" data-e-type=\"container\">\n\t\t<div class=\"elementor-element elementor-element-dfdc7d6 e-con-full e-flex e-con e-child\" data-id=\"dfdc7d6\" data-element_type=\"container\" data-e-type=\"container\">\n\t\t\t\t<div class=\"elementor-element elementor-element-94ea104 elementor-widget elementor-widget-image\" data-id=\"94ea104\" data-element_type=\"widget\" data-e-type=\"widget\" data-widget_type=\"image.default\">\n\t\t\t\t<div class=\"elementor-widget-container\">\n\t\t\t\t\t\t\t\t\t\t\t\t\t\t\t<img fetchpriority=\"high\" decoding=\"async\" width=\"2015\" height=\"2015\" src=\"https:\/\/illasjuli.com\/wp-content\/uploads\/2024\/07\/JS-Granate.png\" class=\"attachment-full size-full wp-image-4511\" alt=\"\" srcset=\"https:\/\/illasjuli.com\/wp-content\/uploads\/2024\/07\/JS-Granate.png 2015w, https:\/\/illasjuli.com\/wp-content\/uploads\/2024\/07\/JS-Granate-300x300.png 300w, https:\/\/illasjuli.com\/wp-content\/uploads\/2024\/07\/JS-Granate-1024x1024.png 1024w, https:\/\/illasjuli.com\/wp-content\/uploads\/2024\/07\/JS-Granate-150x150.png 150w, https:\/\/illasjuli.com\/wp-content\/uploads\/2024\/07\/JS-Granate-768x768.png 768w, https:\/\/illasjuli.com\/wp-content\/uploads\/2024\/07\/JS-Granate-1536x1536.png 1536w\" sizes=\"(max-width: 2015px) 100vw, 2015px\" \/>\t\t\t\t\t\t\t\t\t\t\t\t\t\t\t<\/div>\n\t\t\t\t<\/div>\n\t\t\t\t<div class=\"elementor-element elementor-element-71ee5bd elementor-widget elementor-widget-heading\" data-id=\"71ee5bd\" data-element_type=\"widget\" data-e-type=\"widget\" data-widget_type=\"heading.default\">\n\t\t\t\t<div class=\"elementor-widget-container\">\n\t\t\t\t\t<h2 class=\"elementor-heading-title elementor-size-default\">POTENCIANT LES TEVES RECEPTES<\/h2>\t\t\t\t<\/div>\n\t\t\t\t<\/div>\n\t\t\t\t<div class=\"elementor-element elementor-element-74e0c11 elementor-widget elementor-widget-text-editor\" data-id=\"74e0c11\" data-element_type=\"widget\" data-e-type=\"widget\" data-widget_type=\"text-editor.default\">\n\t\t\t\t<div class=\"elementor-widget-container\">\n\t\t\t\t\t\t\t\t\t<p><span style=\"color: #993300;\"><strong>Peces, talls i elaborats carnis<\/strong><\/span> (carrilleres, filet de porc, entrecot, mandonguilles, hamburgueses, pinxos, etc.), adaptats a les necessitats de cada canal amb formats, receptes i tecnologia IQF.<\/p>\t\t\t\t\t\t\t\t<\/div>\n\t\t\t\t<\/div>\n\t\t\t\t<\/div>\n\t\t<div class=\"elementor-element elementor-element-2260995 e-con-full e-flex e-con e-child\" data-id=\"2260995\" data-element_type=\"container\" data-e-type=\"container\">\n\t\t\t\t<div class=\"elementor-element elementor-element-6bbf5d9 elementor-widget elementor-widget-image\" data-id=\"6bbf5d9\" data-element_type=\"widget\" data-e-type=\"widget\" data-widget_type=\"image.default\">\n\t\t\t\t<div class=\"elementor-widget-container\">\n\t\t\t\t\t\t\t\t\t\t\t\t\t\t\t<img decoding=\"async\" width=\"1928\" height=\"1897\" src=\"https:\/\/illasjuli.com\/wp-content\/uploads\/2024\/07\/BorntoBBQ-Granate.png\" class=\"attachment-full size-full wp-image-4523\" alt=\"\" srcset=\"https:\/\/illasjuli.com\/wp-content\/uploads\/2024\/07\/BorntoBBQ-Granate.png 1928w, https:\/\/illasjuli.com\/wp-content\/uploads\/2024\/07\/BorntoBBQ-Granate-300x295.png 300w, https:\/\/illasjuli.com\/wp-content\/uploads\/2024\/07\/BorntoBBQ-Granate-1024x1008.png 1024w, https:\/\/illasjuli.com\/wp-content\/uploads\/2024\/07\/BorntoBBQ-Granate-150x148.png 150w, https:\/\/illasjuli.com\/wp-content\/uploads\/2024\/07\/BorntoBBQ-Granate-768x756.png 768w, https:\/\/illasjuli.com\/wp-content\/uploads\/2024\/07\/BorntoBBQ-Granate-1536x1511.png 1536w\" sizes=\"(max-width: 1928px) 100vw, 1928px\" \/>\t\t\t\t\t\t\t\t\t\t\t\t\t\t\t<\/div>\n\t\t\t\t<\/div>\n\t\t\t\t<div class=\"elementor-element elementor-element-c3aa911 elementor-widget elementor-widget-heading\" data-id=\"c3aa911\" data-element_type=\"widget\" data-e-type=\"widget\" data-widget_type=\"heading.default\">\n\t\t\t\t<div class=\"elementor-widget-container\">\n\t\t\t\t\t<h2 class=\"elementor-heading-title elementor-size-default\">PROFESSIONALS DEL GRILL<\/h2>\t\t\t\t<\/div>\n\t\t\t\t<\/div>\n\t\t\t\t<div class=\"elementor-element elementor-element-c31ea8d elementor-widget elementor-widget-text-editor\" data-id=\"c31ea8d\" data-element_type=\"widget\" data-e-type=\"widget\" data-widget_type=\"text-editor.default\">\n\t\t\t\t<div class=\"elementor-widget-container\">\n\t\t\t\t\t\t\t\t\t<p><span style=\"color: #993300;\"><strong>Selecci\u00f3 de productes premium sense tenderitzaci\u00f3 o amb la m\u00ednima<\/strong> <\/span>(salsitxes, filet de vaca, daus d&#8217;estofat, llom baix\u2026). Productes porcionats amb control de pes, IQF i\/o envasades al buit i amb triple vida \u00fatil (18 mesos de conservaci\u00f3 ultra congelat, 6 dies descongelat i envasat i 24 hores descongelat i sense envasar).<\/p>\t\t\t\t\t\t\t\t<\/div>\n\t\t\t\t<\/div>\n\t\t\t\t<\/div>\n\t\t<div class=\"elementor-element elementor-element-084ef06 e-con-full e-flex e-con e-child\" data-id=\"084ef06\" data-element_type=\"container\" data-e-type=\"container\">\n\t\t\t\t<div class=\"elementor-element elementor-element-f01b180 elementor-widget elementor-widget-image\" data-id=\"f01b180\" data-element_type=\"widget\" data-e-type=\"widget\" data-widget_type=\"image.default\">\n\t\t\t\t<div class=\"elementor-widget-container\">\n\t\t\t\t\t\t\t\t\t\t\t\t\t\t\t<img decoding=\"async\" width=\"1438\" height=\"1286\" src=\"https:\/\/illasjuli.com\/wp-content\/uploads\/2024\/11\/Ready-to-Roast-logo-1.png\" class=\"attachment-full size-full wp-image-5173\" alt=\"\" srcset=\"https:\/\/illasjuli.com\/wp-content\/uploads\/2024\/11\/Ready-to-Roast-logo-1.png 1438w, https:\/\/illasjuli.com\/wp-content\/uploads\/2024\/11\/Ready-to-Roast-logo-1-300x268.png 300w, https:\/\/illasjuli.com\/wp-content\/uploads\/2024\/11\/Ready-to-Roast-logo-1-1024x916.png 1024w, https:\/\/illasjuli.com\/wp-content\/uploads\/2024\/11\/Ready-to-Roast-logo-1-150x134.png 150w, https:\/\/illasjuli.com\/wp-content\/uploads\/2024\/11\/Ready-to-Roast-logo-1-768x687.png 768w\" sizes=\"(max-width: 1438px) 100vw, 1438px\" \/>\t\t\t\t\t\t\t\t\t\t\t\t\t\t\t<\/div>\n\t\t\t\t<\/div>\n\t\t\t\t<div class=\"elementor-element elementor-element-f943be0 elementor-widget elementor-widget-heading\" data-id=\"f943be0\" data-element_type=\"widget\" data-e-type=\"widget\" data-widget_type=\"heading.default\">\n\t\t\t\t<div class=\"elementor-widget-container\">\n\t\t\t\t\t<h2 class=\"elementor-heading-title elementor-size-default\">EL XEF A LA TEVA CUINA<\/h2>\t\t\t\t<\/div>\n\t\t\t\t<\/div>\n\t\t\t\t<div class=\"elementor-element elementor-element-518cccb elementor-widget elementor-widget-text-editor\" data-id=\"518cccb\" data-element_type=\"widget\" data-e-type=\"widget\" data-widget_type=\"text-editor.default\">\n\t\t\t\t<div class=\"elementor-widget-container\">\n\t\t\t\t\t\t\t\t\t<p><span style=\"color: #993300;\"><strong>Receptes llestes per coure i servir,<\/strong><\/span> elaborades per xefs sense necessitat d&#8217;incorporar-los a la plantilla (costillar, cansalada, roast beef, pit de gall dindi papallona\u2026).Ternesa, sabor i estalvi garantits.<\/p>\t\t\t\t\t\t\t\t<\/div>\n\t\t\t\t<\/div>\n\t\t\t\t<\/div>\n\t\t<div class=\"elementor-element elementor-element-6ca1de1 e-con-full e-flex e-con e-child\" data-id=\"6ca1de1\" data-element_type=\"container\" data-e-type=\"container\">\n\t\t\t\t<div class=\"elementor-element elementor-element-771ff2b elementor-widget elementor-widget-image\" data-id=\"771ff2b\" data-element_type=\"widget\" data-e-type=\"widget\" data-widget_type=\"image.default\">\n\t\t\t\t<div class=\"elementor-widget-container\">\n\t\t\t\t\t\t\t\t\t\t\t\t\t\t\t<img loading=\"lazy\" decoding=\"async\" width=\"300\" height=\"300\" src=\"https:\/\/illasjuli.com\/wp-content\/uploads\/2025\/12\/5-300x300.png\" class=\"attachment-medium size-medium wp-image-5564\" alt=\"\" srcset=\"https:\/\/illasjuli.com\/wp-content\/uploads\/2025\/12\/5-300x300.png 300w, https:\/\/illasjuli.com\/wp-content\/uploads\/2025\/12\/5-1024x1024.png 1024w, https:\/\/illasjuli.com\/wp-content\/uploads\/2025\/12\/5-150x150.png 150w, https:\/\/illasjuli.com\/wp-content\/uploads\/2025\/12\/5-768x768.png 768w, https:\/\/illasjuli.com\/wp-content\/uploads\/2025\/12\/5-1536x1536.png 1536w, https:\/\/illasjuli.com\/wp-content\/uploads\/2025\/12\/5-2048x2048.png 2048w\" sizes=\"(max-width: 300px) 100vw, 300px\" \/>\t\t\t\t\t\t\t\t\t\t\t\t\t\t\t<\/div>\n\t\t\t\t<\/div>\n\t\t\t\t<div class=\"elementor-element elementor-element-0452f27 elementor-widget elementor-widget-heading\" data-id=\"0452f27\" data-element_type=\"widget\" data-e-type=\"widget\" data-widget_type=\"heading.default\">\n\t\t\t\t<div class=\"elementor-widget-container\">\n\t\t\t\t\t<h2 class=\"elementor-heading-title elementor-size-default\">EASY &amp; FAST<\/h2>\t\t\t\t<\/div>\n\t\t\t\t<\/div>\n\t\t\t\t<div class=\"elementor-element elementor-element-2900e21 elementor-widget elementor-widget-text-editor\" data-id=\"2900e21\" data-element_type=\"widget\" data-e-type=\"widget\" data-widget_type=\"text-editor.default\">\n\t\t\t\t<div class=\"elementor-widget-container\">\n\t\t\t\t\t\t\t\t\t<p><span style=\"color: #993300;\"><strong>L\u00ednia innovadora per a AirFryer, productes crus o prefregits<\/strong><\/span> tant per a retail com per a distribu\u00efdors (costelles amb salsa barbacoa, mandonguilles, tires de porc marinades, daus de porc\u2026).<\/p>\t\t\t\t\t\t\t\t<\/div>\n\t\t\t\t<\/div>\n\t\t\t\t<\/div>\n\t\t\t\t<\/div>\n\t\t\t\t\t<\/div>\n\t\t\t\t<\/div>\n\t\t<div class=\"elementor-element elementor-element-1ec5ce6 e-con-full e-flex e-con e-parent\" data-id=\"1ec5ce6\" data-element_type=\"container\" data-e-type=\"container\" data-settings=\"{&quot;background_background&quot;:&quot;classic&quot;}\">\n\t\t<div class=\"elementor-element elementor-element-309eb4c e-con-full e-flex e-con e-child\" data-id=\"309eb4c\" data-element_type=\"container\" data-e-type=\"container\">\n\t\t\t\t<div class=\"elementor-element elementor-element-46ca8d0 elementor-align-justify elementor-widget elementor-widget-button\" data-id=\"46ca8d0\" data-element_type=\"widget\" data-e-type=\"widget\" data-widget_type=\"button.default\">\n\t\t\t\t<div class=\"elementor-widget-container\">\n\t\t\t\t\t\t\t\t\t<div class=\"elementor-button-wrapper\">\n\t\t\t\t\t<a class=\"elementor-button elementor-button-link elementor-size-sm\" href=\"https:\/\/illasjuli.com\/wp-content\/uploads\/2026\/04\/ILLAS-JULI-2026_compressed.pdf\" target=\"_blank\" rel=\"nofollow\">\n\t\t\t\t\t\t<span class=\"elementor-button-content-wrapper\">\n\t\t\t\t\t\t\t\t\t<span class=\"elementor-button-text\">tots els productes<\/span>\n\t\t\t\t\t<\/span>\n\t\t\t\t\t<\/a>\n\t\t\t\t<\/div>\n\t\t\t\t\t\t\t\t<\/div>\n\t\t\t\t<\/div>\n\t\t\t\t<\/div>\n\t\t<div class=\"elementor-element elementor-element-e69bcd9 e-con-full e-flex e-con e-child\" data-id=\"e69bcd9\" data-element_type=\"container\" data-e-type=\"container\">\n\t\t\t\t<div class=\"elementor-element elementor-element-31ce042 elementor-align-justify elementor-widget elementor-widget-button\" data-id=\"31ce042\" data-element_type=\"widget\" data-e-type=\"widget\" data-widget_type=\"button.default\">\n\t\t\t\t<div class=\"elementor-widget-container\">\n\t\t\t\t\t\t\t\t\t<div class=\"elementor-button-wrapper\">\n\t\t\t\t\t<a class=\"elementor-button elementor-button-link elementor-size-sm\" href=\"https:\/\/illasjuli.com\/wp-content\/uploads\/2026\/03\/cat.-elaborados.pdf\" target=\"_blank\" rel=\"nofollow\">\n\t\t\t\t\t\t<span class=\"elementor-button-content-wrapper\">\n\t\t\t\t\t\t\t\t\t<span class=\"elementor-button-text\">elaborats<\/span>\n\t\t\t\t\t<\/span>\n\t\t\t\t\t<\/a>\n\t\t\t\t<\/div>\n\t\t\t\t\t\t\t\t<\/div>\n\t\t\t\t<\/div>\n\t\t\t\t<\/div>\n\t\t<div class=\"elementor-element elementor-element-1fb0933 e-con-full e-flex e-con e-child\" data-id=\"1fb0933\" data-element_type=\"container\" data-e-type=\"container\">\n\t\t\t\t<div class=\"elementor-element elementor-element-80e1a94 elementor-align-justify elementor-widget elementor-widget-button\" data-id=\"80e1a94\" data-element_type=\"widget\" data-e-type=\"widget\" data-widget_type=\"button.default\">\n\t\t\t\t<div class=\"elementor-widget-container\">\n\t\t\t\t\t\t\t\t\t<div class=\"elementor-button-wrapper\">\n\t\t\t\t\t<a class=\"elementor-button elementor-button-link elementor-size-sm\" href=\"https:\/\/illasjuli.com\/wp-content\/uploads\/2026\/04\/PIEZAS-Y-CORTES_compressed.pdf\" target=\"_blank\" rel=\"nofollow\">\n\t\t\t\t\t\t<span class=\"elementor-button-content-wrapper\">\n\t\t\t\t\t\t\t\t\t<span class=\"elementor-button-text\">peces i talls<\/span>\n\t\t\t\t\t<\/span>\n\t\t\t\t\t<\/a>\n\t\t\t\t<\/div>\n\t\t\t\t\t\t\t\t<\/div>\n\t\t\t\t<\/div>\n\t\t\t\t<\/div>\n\t\t<div class=\"elementor-element elementor-element-c5ffdc9 e-con-full e-flex e-con e-child\" data-id=\"c5ffdc9\" data-element_type=\"container\" data-e-type=\"container\">\n\t\t\t\t<div class=\"elementor-element elementor-element-34ea3e7 elementor-align-justify elementor-widget elementor-widget-button\" data-id=\"34ea3e7\" data-element_type=\"widget\" data-e-type=\"widget\" data-widget_type=\"button.default\">\n\t\t\t\t<div class=\"elementor-widget-container\">\n\t\t\t\t\t\t\t\t\t<div class=\"elementor-button-wrapper\">\n\t\t\t\t\t<a class=\"elementor-button elementor-button-link elementor-size-sm\" href=\"https:\/\/illasjuli.com\/wp-content\/uploads\/2026\/03\/CashCarry-y-Retail.pdf\" target=\"_blank\" rel=\"nofollow\">\n\t\t\t\t\t\t<span class=\"elementor-button-content-wrapper\">\n\t\t\t\t\t\t\t\t\t<span class=\"elementor-button-text\">cash6carry i retail<\/span>\n\t\t\t\t\t<\/span>\n\t\t\t\t\t<\/a>\n\t\t\t\t<\/div>\n\t\t\t\t\t\t\t\t<\/div>\n\t\t\t\t<\/div>\n\t\t\t\t<\/div>\n\t\t\t\t<\/div>\n\t\t<div class=\"elementor-element elementor-element-1a4d1c8 e-flex e-con-boxed e-con e-parent\" data-id=\"1a4d1c8\" data-element_type=\"container\" data-e-type=\"container\">\n\t\t\t\t\t<div class=\"e-con-inner\">\n\t\t\t\t\t<\/div>\n\t\t\t\t<\/div>\n\t\t\t\t<\/div>\n\t\t","protected":false},"excerpt":{"rendered":"<p>PRODUCTES PER MARQUES POTENCIANT LES TEVES RECEPTES Peces, talls i elaborats carnis (carrilleres, filet de porc, entrecot, mandonguilles, hamburgueses, pinxos, etc.), adaptats a les necessitats de cada canal amb formats, receptes i tecnologia IQF. PROFESSIONALS DEL GRILL Selecci\u00f3 de productes premium sense tenderitzaci\u00f3 o amb la m\u00ednima (salsitxes, filet de vaca, daus d&#8217;estofat, llom baix\u2026). [&hellip;]<\/p>\n","protected":false},"author":2,"featured_media":0,"parent":0,"menu_order":0,"comment_status":"closed","ping_status":"closed","template":"elementor_header_footer","meta":{"footnotes":""},"class_list":["post-4825","page","type-page","status-publish","hentry"],"_links":{"self":[{"href":"https:\/\/illasjuli.com\/ca\/wp-json\/wp\/v2\/pages\/4825","targetHints":{"allow":["GET"]}}],"collection":[{"href":"https:\/\/illasjuli.com\/ca\/wp-json\/wp\/v2\/pages"}],"about":[{"href":"https:\/\/illasjuli.com\/ca\/wp-json\/wp\/v2\/types\/page"}],"author":[{"embeddable":true,"href":"https:\/\/illasjuli.com\/ca\/wp-json\/wp\/v2\/users\/2"}],"replies":[{"embeddable":true,"href":"https:\/\/illasjuli.com\/ca\/wp-json\/wp\/v2\/comments?post=4825"}],"version-history":[{"count":18,"href":"https:\/\/illasjuli.com\/ca\/wp-json\/wp\/v2\/pages\/4825\/revisions"}],"predecessor-version":[{"id":5896,"href":"https:\/\/illasjuli.com\/ca\/wp-json\/wp\/v2\/pages\/4825\/revisions\/5896"}],"wp:attachment":[{"href":"https:\/\/illasjuli.com\/ca\/wp-json\/wp\/v2\/media?parent=4825"}],"curies":[{"name":"wp","href":"https:\/\/api.w.org\/{rel}","templated":true}]}}