{"id":4845,"date":"2021-01-19T14:51:37","date_gmt":"2021-01-19T13:51:37","guid":{"rendered":"http:\/\/illasjuli.com\/totcarn\/"},"modified":"2024-08-08T13:02:45","modified_gmt":"2024-08-08T11:02:45","slug":"totcarn","status":"publish","type":"page","link":"https:\/\/illasjuli.com\/ca\/totcarn\/","title":{"rendered":"TOTCARN"},"content":{"rendered":"\t\t<div data-elementor-type=\"wp-page\" data-elementor-id=\"4845\" class=\"elementor elementor-4845 elementor-2405\" data-elementor-post-type=\"page\">\n\t\t\t\t<div class=\"elementor-element elementor-element-bf35b78 e-con-full e-flex e-con e-parent\" data-id=\"bf35b78\" data-element_type=\"container\" data-e-type=\"container\" data-settings=\"{&quot;background_background&quot;:&quot;classic&quot;}\">\n\t\t\t\t<div class=\"elementor-element elementor-element-f156716 elementor-widget elementor-widget-image\" data-id=\"f156716\" data-element_type=\"widget\" data-e-type=\"widget\" data-widget_type=\"image.default\">\n\t\t\t\t<div class=\"elementor-widget-container\">\n\t\t\t\t\t\t\t\t\t\t\t\t\t\t\t<img fetchpriority=\"high\" decoding=\"async\" width=\"2983\" height=\"664\" src=\"https:\/\/illasjuli.com\/wp-content\/uploads\/2024\/07\/totcarn-logo.png\" class=\"attachment-full size-full wp-image-4587\" alt=\"\" srcset=\"https:\/\/illasjuli.com\/wp-content\/uploads\/2024\/07\/totcarn-logo.png 2983w, https:\/\/illasjuli.com\/wp-content\/uploads\/2024\/07\/totcarn-logo-300x67.png 300w, https:\/\/illasjuli.com\/wp-content\/uploads\/2024\/07\/totcarn-logo-1024x228.png 1024w, https:\/\/illasjuli.com\/wp-content\/uploads\/2024\/07\/totcarn-logo-150x33.png 150w, https:\/\/illasjuli.com\/wp-content\/uploads\/2024\/07\/totcarn-logo-768x171.png 768w, https:\/\/illasjuli.com\/wp-content\/uploads\/2024\/07\/totcarn-logo-1536x342.png 1536w, https:\/\/illasjuli.com\/wp-content\/uploads\/2024\/07\/totcarn-logo-2048x456.png 2048w\" sizes=\"(max-width: 2983px) 100vw, 2983px\" \/>\t\t\t\t\t\t\t\t\t\t\t\t\t\t\t<\/div>\n\t\t\t\t<\/div>\n\t\t\t\t<div class=\"elementor-element elementor-element-7da6ef2 elementor-widget elementor-widget-heading\" data-id=\"7da6ef2\" data-element_type=\"widget\" data-e-type=\"widget\" data-widget_type=\"heading.default\">\n\t\t\t\t<div class=\"elementor-widget-container\">\n\t\t\t\t\t<p class=\"elementor-heading-title elementor-size-default\">MOLT M\u00c9S QUE CARN<\/p>\t\t\t\t<\/div>\n\t\t\t\t<\/div>\n\t\t\t\t<\/div>\n\t\t<div class=\"elementor-element elementor-element-6eed2cc e-con-full e-flex e-con e-parent\" data-id=\"6eed2cc\" data-element_type=\"container\" data-e-type=\"container\" data-settings=\"{&quot;background_background&quot;:&quot;classic&quot;}\">\n\t\t<div class=\"elementor-element elementor-element-e7ef01a e-con-full e-flex e-con e-child\" data-id=\"e7ef01a\" data-element_type=\"container\" data-e-type=\"container\">\n\t\t\t\t<div class=\"elementor-element elementor-element-c337678 elementor-widget elementor-widget-text-editor\" data-id=\"c337678\" data-element_type=\"widget\" data-e-type=\"widget\" data-widget_type=\"text-editor.default\">\n\t\t\t\t<div class=\"elementor-widget-container\">\n\t\t\t\t\t\t\t\t\t<p>Carnisseria, xarcuteria i productes de proximitat que fan que la teva taula sigui sempre una celebraci\u00f3 completa.<\/p>\n<p>A la nostra botiga trobar\u00e0s <strong>pollastre de corral, porc ib\u00e8ric, vaca madura, entranya, costelles de xai, buit, xurrasco de vedella&#8230; i qualsevol tall de bestiar de primera qualitat.<\/strong><\/p>\n<p>Elaboraci\u00f3 pr\u00f2pia de preparats carnis: <strong>botifarres, broquetes, hamburgueses, xori\u00e7os criolls, mandonguilles, arrebossats&#8230;<\/strong><\/p>\n<p>I tots els productes de proximitat que acompanyen el fest\u00ed: <strong>vermut, cervesa, vi, cava, postres\u2026<\/strong><\/p>\n\t\t\t\t\t\t\t\t<\/div>\n\t\t\t\t<\/div>\n\t\t\t\t<div class=\"elementor-element elementor-element-ad56f0b elementor-widget elementor-widget-text-editor\" data-id=\"ad56f0b\" data-element_type=\"widget\" data-e-type=\"widget\" data-widget_type=\"text-editor.default\">\n\t\t\t\t<div class=\"elementor-widget-container\">\n\t\t\t\t\t\t\t\t\tRecollida de comandes i entrega a domicili (BLANES, LLORET DE MAR, PALAFOLLS, MALGRAT)\t\t\t\t\t\t\t\t<\/div>\n\t\t\t\t<\/div>\n\t\t\t\t<div class=\"elementor-element elementor-element-ae19849 elementor-widget elementor-widget-text-editor\" data-id=\"ae19849\" data-element_type=\"widget\" data-e-type=\"widget\" data-widget_type=\"text-editor.default\">\n\t\t\t\t<div class=\"elementor-widget-container\">\n\t\t\t\t\t\t\t\t\t<p>Truca al <strong>972358581<\/strong> i digues-nos tot el que necessites. El nostre equip preparar\u00e0 la teva comanda perqu\u00e8 la vinguis a recollir o te la portem a casa teva (enviament gratu\u00eft en compres superiors a 60\u20ac, per a compres inferiors s\u00f3n 6\u20ac de despeses d&#8217;enviament).<\/p>\n\t\t\t\t\t\t\t\t<\/div>\n\t\t\t\t<\/div>\n\t\t\t\t<\/div>\n\t\t<div class=\"elementor-element elementor-element-739d61f e-con-full e-flex e-con e-child\" data-id=\"739d61f\" data-element_type=\"container\" data-e-type=\"container\">\n\t\t\t\t<div class=\"elementor-element elementor-element-a3c8943 elementor-widget elementor-widget-image\" data-id=\"a3c8943\" data-element_type=\"widget\" data-e-type=\"widget\" data-widget_type=\"image.default\">\n\t\t\t\t<div class=\"elementor-widget-container\">\n\t\t\t\t\t\t\t\t\t\t\t\t\t\t\t<img decoding=\"async\" width=\"4872\" height=\"2274\" src=\"https:\/\/illasjuli.com\/wp-content\/uploads\/2024\/08\/totcarn2.png\" class=\"attachment-full size-full wp-image-4905\" alt=\"\" srcset=\"https:\/\/illasjuli.com\/wp-content\/uploads\/2024\/08\/totcarn2.png 4872w, https:\/\/illasjuli.com\/wp-content\/uploads\/2024\/08\/totcarn2-300x140.png 300w, https:\/\/illasjuli.com\/wp-content\/uploads\/2024\/08\/totcarn2-1024x478.png 1024w, https:\/\/illasjuli.com\/wp-content\/uploads\/2024\/08\/totcarn2-150x70.png 150w, https:\/\/illasjuli.com\/wp-content\/uploads\/2024\/08\/totcarn2-768x358.png 768w, https:\/\/illasjuli.com\/wp-content\/uploads\/2024\/08\/totcarn2-1536x717.png 1536w, https:\/\/illasjuli.com\/wp-content\/uploads\/2024\/08\/totcarn2-2048x956.png 2048w\" sizes=\"(max-width: 4872px) 100vw, 4872px\" \/>\t\t\t\t\t\t\t\t\t\t\t\t\t\t\t<\/div>\n\t\t\t\t<\/div>\n\t\t\t\t<div class=\"elementor-element elementor-element-621d8aa elementor-widget elementor-widget-image\" data-id=\"621d8aa\" data-element_type=\"widget\" data-e-type=\"widget\" data-widget_type=\"image.default\">\n\t\t\t\t<div class=\"elementor-widget-container\">\n\t\t\t\t\t\t\t\t\t\t\t\t\t\t\t<img decoding=\"async\" width=\"5094\" height=\"2377\" src=\"https:\/\/illasjuli.com\/wp-content\/uploads\/2024\/08\/totcarn1.png\" class=\"attachment-full size-full wp-image-4902\" alt=\"\" srcset=\"https:\/\/illasjuli.com\/wp-content\/uploads\/2024\/08\/totcarn1.png 5094w, https:\/\/illasjuli.com\/wp-content\/uploads\/2024\/08\/totcarn1-300x140.png 300w, https:\/\/illasjuli.com\/wp-content\/uploads\/2024\/08\/totcarn1-1024x478.png 1024w, https:\/\/illasjuli.com\/wp-content\/uploads\/2024\/08\/totcarn1-150x70.png 150w, https:\/\/illasjuli.com\/wp-content\/uploads\/2024\/08\/totcarn1-768x358.png 768w, https:\/\/illasjuli.com\/wp-content\/uploads\/2024\/08\/totcarn1-1536x717.png 1536w, https:\/\/illasjuli.com\/wp-content\/uploads\/2024\/08\/totcarn1-2048x956.png 2048w\" sizes=\"(max-width: 5094px) 100vw, 5094px\" \/>\t\t\t\t\t\t\t\t\t\t\t\t\t\t\t<\/div>\n\t\t\t\t<\/div>\n\t\t\t\t<\/div>\n\t\t\t\t<\/div>\n\t\t<div class=\"elementor-element elementor-element-717ffdf e-con-full e-flex e-con e-parent\" data-id=\"717ffdf\" data-element_type=\"container\" data-e-type=\"container\" data-settings=\"{&quot;background_background&quot;:&quot;classic&quot;}\">\n\t\t\t\t<div class=\"elementor-element elementor-element-f2d9257 elementor-widget elementor-widget-image\" data-id=\"f2d9257\" data-element_type=\"widget\" data-e-type=\"widget\" data-widget_type=\"image.default\">\n\t\t\t\t<div class=\"elementor-widget-container\">\n\t\t\t\t\t\t\t\t\t\t\t\t\t\t\t<img loading=\"lazy\" decoding=\"async\" width=\"1500\" height=\"164\" src=\"https:\/\/illasjuli.com\/wp-content\/uploads\/2024\/07\/CASHCARRY.png\" class=\"attachment-full size-full wp-image-4719\" alt=\"\" srcset=\"https:\/\/illasjuli.com\/wp-content\/uploads\/2024\/07\/CASHCARRY.png 1500w, https:\/\/illasjuli.com\/wp-content\/uploads\/2024\/07\/CASHCARRY-300x33.png 300w, https:\/\/illasjuli.com\/wp-content\/uploads\/2024\/07\/CASHCARRY-1024x112.png 1024w, https:\/\/illasjuli.com\/wp-content\/uploads\/2024\/07\/CASHCARRY-150x16.png 150w, https:\/\/illasjuli.com\/wp-content\/uploads\/2024\/07\/CASHCARRY-768x84.png 768w\" sizes=\"(max-width: 1500px) 100vw, 1500px\" \/>\t\t\t\t\t\t\t\t\t\t\t\t\t\t\t<\/div>\n\t\t\t\t<\/div>\n\t\t\t\t<div class=\"elementor-element elementor-element-871b46d elementor-widget elementor-widget-heading\" data-id=\"871b46d\" data-element_type=\"widget\" data-e-type=\"widget\" data-widget_type=\"heading.default\">\n\t\t\t\t<div class=\"elementor-widget-container\">\n\t\t\t\t\t<p class=\"elementor-heading-title elementor-size-default\">EL PARTNER C\u00c0RNIC A HOSTELERIA<\/p>\t\t\t\t<\/div>\n\t\t\t\t<\/div>\n\t\t\t\t<div class=\"elementor-element elementor-element-a07a127 elementor-widget elementor-widget-text-editor\" data-id=\"a07a127\" data-element_type=\"widget\" data-e-type=\"widget\" data-widget_type=\"text-editor.default\">\n\t\t\t\t<div class=\"elementor-widget-container\">\n\t\t\t\t\t\t\t\t\t<p>Des de Totcarn preparem les comandes per a la distribuci\u00f3 al canal horeca.<br \/>\nPosem a la vostra disposici\u00f3 el nostre servei de gesti\u00f3 i entrega de tots els nostres productes pel Cash&#038;Carry de la Costa Brava i el Maresme.<\/p>\n\t\t\t\t\t\t\t\t<\/div>\n\t\t\t\t<\/div>\n\t\t\t\t<div class=\"elementor-element elementor-element-b41e97e elementor-widget elementor-widget-text-editor\" data-id=\"b41e97e\" data-element_type=\"widget\" data-e-type=\"widget\" data-widget_type=\"text-editor.default\">\n\t\t\t\t<div class=\"elementor-widget-container\">\n\t\t\t\t\t\t\t\t\t<p>Tel\u00e8fon: <b>972 35 85 80<\/b><br \/>\nHorari: De dilluns a dissabte de 7:00h &#8211; 13:00h<\/p>\n\t\t\t\t\t\t\t\t<\/div>\n\t\t\t\t<\/div>\n\t\t<div class=\"elementor-element elementor-element-975ee81 e-con-full e-flex e-con e-child\" data-id=\"975ee81\" data-element_type=\"container\" data-e-type=\"container\">\n\t\t<div class=\"elementor-element elementor-element-a1c7658 e-con-full e-flex e-con e-child\" data-id=\"a1c7658\" data-element_type=\"container\" data-e-type=\"container\">\n\t\t\t\t<div class=\"elementor-element elementor-element-0eee9de elementor-widget elementor-widget-image\" data-id=\"0eee9de\" data-element_type=\"widget\" data-e-type=\"widget\" data-widget_type=\"image.default\">\n\t\t\t\t<div class=\"elementor-widget-container\">\n\t\t\t\t\t\t\t\t\t\t\t\t\t\t\t<img loading=\"lazy\" decoding=\"async\" width=\"5094\" height=\"2377\" src=\"https:\/\/illasjuli.com\/wp-content\/uploads\/2024\/08\/cashcarrytotcarn.png\" class=\"attachment-full size-full wp-image-4890\" alt=\"\" srcset=\"https:\/\/illasjuli.com\/wp-content\/uploads\/2024\/08\/cashcarrytotcarn.png 5094w, https:\/\/illasjuli.com\/wp-content\/uploads\/2024\/08\/cashcarrytotcarn-300x140.png 300w, https:\/\/illasjuli.com\/wp-content\/uploads\/2024\/08\/cashcarrytotcarn-1024x478.png 1024w, https:\/\/illasjuli.com\/wp-content\/uploads\/2024\/08\/cashcarrytotcarn-150x70.png 150w, https:\/\/illasjuli.com\/wp-content\/uploads\/2024\/08\/cashcarrytotcarn-768x358.png 768w, https:\/\/illasjuli.com\/wp-content\/uploads\/2024\/08\/cashcarrytotcarn-1536x717.png 1536w, https:\/\/illasjuli.com\/wp-content\/uploads\/2024\/08\/cashcarrytotcarn-2048x956.png 2048w\" sizes=\"(max-width: 5094px) 100vw, 5094px\" \/>\t\t\t\t\t\t\t\t\t\t\t\t\t\t\t<\/div>\n\t\t\t\t<\/div>\n\t\t\t\t<\/div>\n\t\t<div class=\"elementor-element elementor-element-1d29312 e-con-full e-flex e-con e-child\" data-id=\"1d29312\" data-element_type=\"container\" data-e-type=\"container\">\n\t\t\t\t<div class=\"elementor-element elementor-element-c36eced elementor-widget elementor-widget-image\" data-id=\"c36eced\" data-element_type=\"widget\" data-e-type=\"widget\" data-widget_type=\"image.default\">\n\t\t\t\t<div class=\"elementor-widget-container\">\n\t\t\t\t\t\t\t\t\t\t\t\t\t\t\t<img loading=\"lazy\" decoding=\"async\" width=\"3070\" height=\"1982\" src=\"https:\/\/illasjuli.com\/wp-content\/uploads\/2024\/08\/totcarncashcarry.png\" class=\"attachment-full size-full wp-image-4956\" alt=\"\" srcset=\"https:\/\/illasjuli.com\/wp-content\/uploads\/2024\/08\/totcarncashcarry.png 3070w, https:\/\/illasjuli.com\/wp-content\/uploads\/2024\/08\/totcarncashcarry-300x194.png 300w, https:\/\/illasjuli.com\/wp-content\/uploads\/2024\/08\/totcarncashcarry-1024x661.png 1024w, https:\/\/illasjuli.com\/wp-content\/uploads\/2024\/08\/totcarncashcarry-150x97.png 150w, https:\/\/illasjuli.com\/wp-content\/uploads\/2024\/08\/totcarncashcarry-768x496.png 768w, https:\/\/illasjuli.com\/wp-content\/uploads\/2024\/08\/totcarncashcarry-1536x992.png 1536w, https:\/\/illasjuli.com\/wp-content\/uploads\/2024\/08\/totcarncashcarry-2048x1322.png 2048w\" sizes=\"(max-width: 3070px) 100vw, 3070px\" \/>\t\t\t\t\t\t\t\t\t\t\t\t\t\t\t<\/div>\n\t\t\t\t<\/div>\n\t\t\t\t<\/div>\n\t\t\t\t<\/div>\n\t\t\t\t<\/div>\n\t\t\t\t<\/div>\n\t\t","protected":false},"excerpt":{"rendered":"<p>MOLT M\u00c9S QUE CARN Carnisseria, xarcuteria i productes de proximitat que fan que la teva taula sigui sempre una celebraci\u00f3 completa. A la nostra botiga trobar\u00e0s pollastre de corral, porc ib\u00e8ric, vaca madura, entranya, costelles de xai, buit, xurrasco de vedella&#8230; i qualsevol tall de bestiar de primera qualitat. Elaboraci\u00f3 pr\u00f2pia de preparats carnis: botifarres, [&hellip;]<\/p>\n","protected":false},"author":2,"featured_media":0,"parent":0,"menu_order":0,"comment_status":"closed","ping_status":"closed","template":"elementor_header_footer","meta":{"footnotes":""},"class_list":["post-4845","page","type-page","status-publish","hentry"],"_links":{"self":[{"href":"https:\/\/illasjuli.com\/ca\/wp-json\/wp\/v2\/pages\/4845","targetHints":{"allow":["GET"]}}],"collection":[{"href":"https:\/\/illasjuli.com\/ca\/wp-json\/wp\/v2\/pages"}],"about":[{"href":"https:\/\/illasjuli.com\/ca\/wp-json\/wp\/v2\/types\/page"}],"author":[{"embeddable":true,"href":"https:\/\/illasjuli.com\/ca\/wp-json\/wp\/v2\/users\/2"}],"replies":[{"embeddable":true,"href":"https:\/\/illasjuli.com\/ca\/wp-json\/wp\/v2\/comments?post=4845"}],"version-history":[{"count":3,"href":"https:\/\/illasjuli.com\/ca\/wp-json\/wp\/v2\/pages\/4845\/revisions"}],"predecessor-version":[{"id":5004,"href":"https:\/\/illasjuli.com\/ca\/wp-json\/wp\/v2\/pages\/4845\/revisions\/5004"}],"wp:attachment":[{"href":"https:\/\/illasjuli.com\/ca\/wp-json\/wp\/v2\/media?parent=4845"}],"curies":[{"name":"wp","href":"https:\/\/api.w.org\/{rel}","templated":true}]}}